{"id":199,"date":"2023-11-24T03:37:22","date_gmt":"2023-11-24T02:37:22","guid":{"rendered":"https:\/\/sablona.vasestranka.cz\/?page_id=199"},"modified":"2025-07-04T06:23:21","modified_gmt":"2025-07-04T04:23:21","slug":"consent-to-personal-data-processing","status":"publish","type":"page","link":"https:\/\/zubnipececb.cz\/en\/consent-to-personal-data-processing\/","title":{"rendered":"Consent to personal data processing"},"content":{"rendered":"\n<ul class=\"wp-block-list\">\n<li>jm\u00e9no a p\u0159\u00edjmen\u00ed,<\/li>\n\n\n\n<li>e-mailovou adresu.<\/li>\n<\/ul>\n\n\n\n<ul class=\"wp-block-list\">\n<li>name and surname,<\/li>\n\n\n\n<li>email address.<\/li>\n<\/ul>\n\n\n\n<ol class=\"wp-block-list\">\n<li>Email address and name will be processed for the purpose of contacting the message author regarding a response to their inquiry or service request.<\/li>\n\n\n\n<li>You grant consent for processing for a period of 3 years, unless you extend this period.<\/li>\n\n\n\n<li>Personal data processing is carried out by the Controller, however, personal data for this company may also be processed by these processors:<\/li>\n<\/ol>\n\n\n\n<ul class=\"wp-block-list\">\n<li>a. web hosting provider, SiteGround. Spain S.L., CIF: B-87194171 VAT: ESB87194171 with registered office at Calle Prim 19 28004 Madrid, Spain, +34.900.838.543.<\/li>\n\n\n\n<li>b. possibly other providers of processing software, services and applications, which the Controller is not currently using.<\/li>\n<\/ul>\n\n\n\n<ol class=\"wp-block-list\">\n<li>Consent can be withdrawn at any time, for example by sending a letter or email. Withdrawal of consent will result in deletion of your data from our database.<\/li>\n<\/ol>\n\n\n\n<h2 class=\"wp-block-heading\"><strong>Processing of personal data and your rights<\/strong><\/h2>\n\n\n\n<ul class=\"wp-block-list\">\n<li>Request information from us about what personal data of yours we process,<\/li>\n\n\n\n<li>Request an explanation from us regarding the processing of personal data,<\/li>\n\n\n\n<li>Request access to this data from us and have it updated or corrected,<\/li>\n\n\n\n<li>Request deletion of this personal data from us,<\/li>\n\n\n\n<li>In case of doubts about compliance with obligations related to personal data processing, contact us or the Office for Personal Data Protection<\/li>\n<\/ul>\n","protected":false},"excerpt":{"rendered":"<p>Processing of personal data and your rights<\/p>\n","protected":false},"author":1,"featured_media":0,"parent":0,"menu_order":0,"comment_status":"closed","ping_status":"closed","template":"","meta":{"_acf_changed":false,"footnotes":""},"class_list":["post-199","page","type-page","status-publish","hentry"],"acf":[],"_links":{"self":[{"href":"https:\/\/zubnipececb.cz\/en\/wp-json\/wp\/v2\/pages\/199","targetHints":{"allow":["GET"]}}],"collection":[{"href":"https:\/\/zubnipececb.cz\/en\/wp-json\/wp\/v2\/pages"}],"about":[{"href":"https:\/\/zubnipececb.cz\/en\/wp-json\/wp\/v2\/types\/page"}],"author":[{"embeddable":true,"href":"https:\/\/zubnipececb.cz\/en\/wp-json\/wp\/v2\/users\/1"}],"replies":[{"embeddable":true,"href":"https:\/\/zubnipececb.cz\/en\/wp-json\/wp\/v2\/comments?post=199"}],"version-history":[{"count":5,"href":"https:\/\/zubnipececb.cz\/en\/wp-json\/wp\/v2\/pages\/199\/revisions"}],"predecessor-version":[{"id":1313,"href":"https:\/\/zubnipececb.cz\/en\/wp-json\/wp\/v2\/pages\/199\/revisions\/1313"}],"wp:attachment":[{"href":"https:\/\/zubnipececb.cz\/en\/wp-json\/wp\/v2\/media?parent=199"}],"curies":[{"name":"wp","href":"https:\/\/api.w.org\/{rel}","templated":true}]}}