{"id":199,"date":"2023-11-24T03:37:22","date_gmt":"2023-11-24T02:37:22","guid":{"rendered":"https:\/\/sablona.vasestranka.cz\/?page_id=199"},"modified":"2023-11-24T03:37:59","modified_gmt":"2023-11-24T02:37:59","slug":"souhlas-se-zpracovanim-osobnich-udaju","status":"publish","type":"page","link":"https:\/\/zubnipececb.cz\/de\/souhlas-se-zpracovanim-osobnich-udaju\/","title":{"rendered":"Souhlas se zpracov\u00e1n\u00edm osobn\u00edch \u00fadaj\u016f"},"content":{"rendered":"\n<ul class=\"wp-block-list\">\n<li>jm\u00e9no a p\u0159\u00edjmen\u00ed,<\/li>\n\n\n\n<li>e-mailovou adresu.<\/li>\n<\/ul>\n\n\n\n<ol class=\"wp-block-list\">\n<li>Emailov\u00e1 adresa a jm\u00e9no budou zpracov\u00e1ny za \u00fa\u010delem kontaktov\u00e1n\u00ed autora zpr\u00e1vy ohledn\u011b odpov\u011bdi na jeho dotaz \u010di popt\u00e1vku slu\u017eby.<\/li>\n\n\n\n<li>Souhlas ud\u011blujete na zpracov\u00e1n\u00ed po dobu 3 let, pokud tuto dobu neprodlou\u017e\u00edte.<\/li>\n\n\n\n<li>Zpracov\u00e1n\u00ed osobn\u00edch \u00fadaj\u016f je prov\u00e1d\u011bno Spr\u00e1vcem, osobn\u00ed \u00fadaje v\u0161ak pro tuto spole\u010dnost mohou zpracov\u00e1vat i tito zpracovatel\u00e9:<\/li>\n<\/ol>\n\n\n\n<ul class=\"wp-block-list\">\n<li>a. poskytovatel webhostingu, spole\u010dnost SiteGround. Spain S.L., CIF: B-87194171 VAT: ESB87194171 se s\u00eddlem Calle Prim 19 28004 Madrid, Spain, +34.900.838.543.<\/li>\n\n\n\n<li>b. p\u0159\u00edpadn\u011b dal\u0161\u00ed poskytovatel\u00e9 zpracovatelsk\u00fdch softwar\u016f, slu\u017eeb a aplikac\u00ed, kter\u00e9 v\u0161ak v&nbsp;sou\u010dasn\u00e9 dob\u011b Spr\u00e1vce nevyu\u017e\u00edv\u00e1.<\/li>\n<\/ul>\n\n\n\n<ol class=\"wp-block-list\" start=\"5\">\n<li>Souhlas lze vz\u00edt kdykoliv zp\u011bt, a to nap\u0159\u00edklad zasl\u00e1n\u00edm dopisu nebo emailu. Zp\u011btvzet\u00ed souhlasu bude m\u00edt za n\u00e1sledek smaz\u00e1n\u00ed va\u0161ich \u00fadaj\u016f z na\u0161\u00ed datab\u00e1ze.<\/li>\n<\/ol>\n\n\n\n<h2 class=\"wp-block-heading\"><strong>Zpracov\u00e1n\u00ed osobn\u00edch \u00fadaj\u016f a va\u0161e pr\u00e1va<\/strong><\/h2>\n\n\n\n<ul class=\"wp-block-list\">\n<li>po\u017eadovat po n\u00e1s informaci, jak\u00e9 va\u0161e osobn\u00ed \u00fadaje zpracov\u00e1v\u00e1me,<\/li>\n\n\n\n<li>po\u017eadovat po n\u00e1s vysv\u011btlen\u00ed ohledn\u011b zpracov\u00e1n\u00ed osobn\u00edch \u00fadaj\u016f,<\/li>\n\n\n\n<li>vy\u017e\u00e1dat si u n\u00e1s p\u0159\u00edstup k&nbsp;t\u011bmto \u00fadaj\u016fm a tyto nechat aktualizovat nebo opravit,<\/li>\n\n\n\n<li>po\u017eadovat po n\u00e1s v\u00fdmaz t\u011bchto osobn\u00edch \u00fadaj\u016f,<\/li>\n\n\n\n<li>v&nbsp;p\u0159\u00edpad\u011b pochybnost\u00ed o dodr\u017eov\u00e1n\u00ed povinnost\u00ed souvisej\u00edc\u00edch se zpracov\u00e1n\u00edm osobn\u00edch \u00fadaj\u016f obr\u00e1tit se na n\u00e1s nebo na \u00da\u0159ad pro ochranu osobn\u00edch \u00fadaj\u016f.<\/li>\n<\/ul>\n","protected":false},"excerpt":{"rendered":"<p>Zpracov\u00e1n\u00ed osobn\u00edch \u00fadaj\u016f a va\u0161e pr\u00e1va<\/p>\n","protected":false},"author":1,"featured_media":0,"parent":0,"menu_order":0,"comment_status":"closed","ping_status":"closed","template":"","meta":{"_acf_changed":false,"footnotes":""},"class_list":["post-199","page","type-page","status-publish","hentry"],"acf":[],"_links":{"self":[{"href":"https:\/\/zubnipececb.cz\/de\/wp-json\/wp\/v2\/pages\/199","targetHints":{"allow":["GET"]}}],"collection":[{"href":"https:\/\/zubnipececb.cz\/de\/wp-json\/wp\/v2\/pages"}],"about":[{"href":"https:\/\/zubnipececb.cz\/de\/wp-json\/wp\/v2\/types\/page"}],"author":[{"embeddable":true,"href":"https:\/\/zubnipececb.cz\/de\/wp-json\/wp\/v2\/users\/1"}],"replies":[{"embeddable":true,"href":"https:\/\/zubnipececb.cz\/de\/wp-json\/wp\/v2\/comments?post=199"}],"version-history":[{"count":2,"href":"https:\/\/zubnipececb.cz\/de\/wp-json\/wp\/v2\/pages\/199\/revisions"}],"predecessor-version":[{"id":201,"href":"https:\/\/zubnipececb.cz\/de\/wp-json\/wp\/v2\/pages\/199\/revisions\/201"}],"wp:attachment":[{"href":"https:\/\/zubnipececb.cz\/de\/wp-json\/wp\/v2\/media?parent=199"}],"curies":[{"name":"wp","href":"https:\/\/api.w.org\/{rel}","templated":true}]}}